{"id":155,"date":"2020-05-02T13:43:31","date_gmt":"2020-05-02T11:43:31","guid":{"rendered":"http:\/\/web217.310.hostserv.eu\/?page_id=155"},"modified":"2020-11-05T13:27:11","modified_gmt":"2020-11-05T12:27:11","slug":"fahrzeugaufbauten-3-5t","status":"publish","type":"page","link":"https:\/\/mks-swiss.ch\/index.php\/dienstleistungen\/fahrzeugaufbauten-3-5t\/","title":{"rendered":"Fahrzeugaufbauten 3.5t"},"content":{"rendered":"\n<h2 class=\"wp-block-heading\"><strong>MKS Snowpl<\/strong>ow<\/h2>\n\n\n\n<figure class=\"wp-block-gallery columns-3 is-cropped wp-block-gallery-1 is-layout-flex wp-block-gallery-is-layout-flex\"><ul class=\"blocks-gallery-grid\"><li class=\"blocks-gallery-item\"><figure><a href=\"http:\/\/web217.310.hostserv.eu\/wp-content\/uploads\/2020\/05\/plow_attached.png\"><img fetchpriority=\"high\" decoding=\"async\" width=\"1024\" height=\"636\" src=\"http:\/\/web217.310.hostserv.eu\/wp-content\/uploads\/2020\/05\/plow_attached-1024x636.png\" alt=\"\" data-id=\"236\" data-full-url=\"http:\/\/web217.310.hostserv.eu\/wp-content\/uploads\/2020\/05\/plow_attached.png\" data-link=\"http:\/\/web217.310.hostserv.eu\/index.php\/fahrzeugaufbauten-3-5t\/plow_attached\/\" class=\"wp-image-236\" srcset=\"https:\/\/mks-swiss.ch\/wp-content\/uploads\/2020\/05\/plow_attached-1024x636.png 1024w, https:\/\/mks-swiss.ch\/wp-content\/uploads\/2020\/05\/plow_attached-300x186.png 300w, https:\/\/mks-swiss.ch\/wp-content\/uploads\/2020\/05\/plow_attached-768x477.png 768w, https:\/\/mks-swiss.ch\/wp-content\/uploads\/2020\/05\/plow_attached-1x1.png 1w, https:\/\/mks-swiss.ch\/wp-content\/uploads\/2020\/05\/plow_attached.png 1370w\" sizes=\"(max-width: 1024px) 100vw, 1024px\" \/><\/a><\/figure><\/li><li class=\"blocks-gallery-item\"><figure><a href=\"http:\/\/web217.310.hostserv.eu\/wp-content\/uploads\/2020\/05\/snowplow_control.png\"><img decoding=\"async\" width=\"811\" height=\"816\" src=\"http:\/\/web217.310.hostserv.eu\/wp-content\/uploads\/2020\/05\/snowplow_control.png\" alt=\"\" data-id=\"237\" data-full-url=\"http:\/\/web217.310.hostserv.eu\/wp-content\/uploads\/2020\/05\/snowplow_control.png\" data-link=\"http:\/\/web217.310.hostserv.eu\/index.php\/fahrzeugaufbauten-3-5t\/snowplow_control\/\" class=\"wp-image-237\" srcset=\"https:\/\/mks-swiss.ch\/wp-content\/uploads\/2020\/05\/snowplow_control.png 811w, https:\/\/mks-swiss.ch\/wp-content\/uploads\/2020\/05\/snowplow_control-298x300.png 298w, https:\/\/mks-swiss.ch\/wp-content\/uploads\/2020\/05\/snowplow_control-150x150.png 150w, https:\/\/mks-swiss.ch\/wp-content\/uploads\/2020\/05\/snowplow_control-768x773.png 768w, https:\/\/mks-swiss.ch\/wp-content\/uploads\/2020\/05\/snowplow_control-1x1.png 1w\" sizes=\"(max-width: 811px) 100vw, 811px\" \/><\/a><\/figure><\/li><li class=\"blocks-gallery-item\"><figure><a href=\"http:\/\/web217.310.hostserv.eu\/wp-content\/uploads\/2020\/05\/snowplug.png\"><img decoding=\"async\" width=\"1024\" height=\"748\" src=\"http:\/\/web217.310.hostserv.eu\/wp-content\/uploads\/2020\/05\/snowplug-1024x748.png\" alt=\"\" data-id=\"238\" data-full-url=\"http:\/\/web217.310.hostserv.eu\/wp-content\/uploads\/2020\/05\/snowplug.png\" data-link=\"http:\/\/web217.310.hostserv.eu\/index.php\/fahrzeugaufbauten-3-5t\/snowplug\/\" class=\"wp-image-238\" srcset=\"https:\/\/mks-swiss.ch\/wp-content\/uploads\/2020\/05\/snowplug-1024x748.png 1024w, https:\/\/mks-swiss.ch\/wp-content\/uploads\/2020\/05\/snowplug-300x219.png 300w, https:\/\/mks-swiss.ch\/wp-content\/uploads\/2020\/05\/snowplug-768x561.png 768w, https:\/\/mks-swiss.ch\/wp-content\/uploads\/2020\/05\/snowplug-1x1.png 1w, https:\/\/mks-swiss.ch\/wp-content\/uploads\/2020\/05\/snowplug.png 1039w\" sizes=\"(max-width: 1024px) 100vw, 1024px\" \/><\/a><\/figure><\/li><\/ul><\/figure>\n\n\n\n<ul class=\"wp-block-list\"><li>geringes Gewicht<ul><li>250-300Kg mit Unterbau<\/li><\/ul><\/li><li>sehr hohe Stabilit\u00e4t<ul><li>Konstruktion aus hochfestem Feinkornstahl<\/li><\/ul><\/li><li>optimales Hubwerk<ul><li>Hub bis 700mm<\/li><\/ul><\/li><li>perfekter Rostschutz<ul><li>komplett verzinkt &amp; lackierte Konstruktion<\/li><\/ul><\/li><li>einfache Bedienung<ul><li>Joystik im Fahrzeug demontierbar, Aussenbedienug zum an- abkoppeln<\/li><\/ul><\/li><li>hochwertige Hydraulikanlage<ul><li>Elektrohydraulisches Kompaktagregat, gesch\u00fctzt in Chromstahlkiste<\/li><\/ul><\/li><li>schneller Service<ul><li>Alle Komponenten sind innert maximal 24h verf\u00fcgbar<\/li><\/ul><\/li><\/ul>\n\n\n\n<div class=\"wp-block-columns is-layout-flex wp-container-core-columns-is-layout-9d6595d7 wp-block-columns-is-layout-flex\">\n<div class=\"wp-block-column is-layout-flow wp-block-column-is-layout-flow\" style=\"flex-basis:66.66%\">\n<figure class=\"wp-block-image size-large\"><img loading=\"lazy\" decoding=\"async\" width=\"1024\" height=\"790\" src=\"http:\/\/web217.310.hostserv.eu\/wp-content\/uploads\/2020\/05\/Fahrzeugbau-3.5-to._html_e856c3d0ceba5094-1024x790.jpg\" alt=\"\" class=\"wp-image-245\" srcset=\"https:\/\/mks-swiss.ch\/wp-content\/uploads\/2020\/05\/Fahrzeugbau-3.5-to._html_e856c3d0ceba5094-1024x790.jpg 1024w, https:\/\/mks-swiss.ch\/wp-content\/uploads\/2020\/05\/Fahrzeugbau-3.5-to._html_e856c3d0ceba5094-300x232.jpg 300w, https:\/\/mks-swiss.ch\/wp-content\/uploads\/2020\/05\/Fahrzeugbau-3.5-to._html_e856c3d0ceba5094-768x593.jpg 768w, https:\/\/mks-swiss.ch\/wp-content\/uploads\/2020\/05\/Fahrzeugbau-3.5-to._html_e856c3d0ceba5094-1x1.jpg 1w, https:\/\/mks-swiss.ch\/wp-content\/uploads\/2020\/05\/Fahrzeugbau-3.5-to._html_e856c3d0ceba5094.jpg 1100w\" sizes=\"(max-width: 1024px) 100vw, 1024px\" \/><\/figure>\n<\/div>\n\n\n\n<div class=\"wp-block-column is-layout-flow wp-block-column-is-layout-flow\" style=\"flex-basis:33.33%\">\n<p>Die Firma MKS konstruiert und baut den Schneepflug komplett selbst, also ein 100% <strong>Swiss Made Qualit\u00e4tsprodukt<\/strong>.<\/p>\n\n\n\n<p>jeder Pflug wird auf Bestellung gebaut und individuell auf den Kunden zugeschnitten und dies zu einem <strong>fairen Preis.<\/strong><\/p>\n<\/div>\n<\/div>\n\n\n\n<h2 class=\"wp-block-heading\"><strong>Fahrzeugbr\u00fccken<\/strong><\/h2>\n\n\n\n<p><strong>Br\u00fccken Auskleidungen<\/strong><\/p>\n\n\n\n<div class=\"wp-block-columns is-layout-flex wp-container-core-columns-is-layout-9d6595d7 wp-block-columns-is-layout-flex\">\n<div class=\"wp-block-column is-layout-flow wp-block-column-is-layout-flow\" style=\"flex-basis:66.66%\">\n<figure class=\"wp-block-image size-large\"><img loading=\"lazy\" decoding=\"async\" width=\"902\" height=\"792\" src=\"http:\/\/web217.310.hostserv.eu\/wp-content\/uploads\/2020\/05\/car_bridge.png\" alt=\"\" class=\"wp-image-239\" srcset=\"https:\/\/mks-swiss.ch\/wp-content\/uploads\/2020\/05\/car_bridge.png 902w, https:\/\/mks-swiss.ch\/wp-content\/uploads\/2020\/05\/car_bridge-300x263.png 300w, https:\/\/mks-swiss.ch\/wp-content\/uploads\/2020\/05\/car_bridge-768x674.png 768w, https:\/\/mks-swiss.ch\/wp-content\/uploads\/2020\/05\/car_bridge-1x1.png 1w\" sizes=\"(max-width: 902px) 100vw, 902px\" \/><\/figure>\n<\/div>\n\n\n\n<div class=\"wp-block-column is-layout-flow wp-block-column-is-layout-flow\" style=\"flex-basis:33.33%\">\n<p>Bleche werden bei uns auf Wasserjet zugeschnitten.<br>Br\u00fccke wird vor der Montage mit Konservierungswachs versiegelt, dies gibt einen optimalen Korrossionsschutz.<br>Nach Wunsch auch mit Kantenschutz am Heckdeckel.<\/p>\n<\/div>\n<\/div>\n\n\n\n<p><strong>herstellung Fahrzeugbr\u00fccken<\/strong><\/p>\n\n\n\n<div class=\"wp-block-columns is-layout-flex wp-container-core-columns-is-layout-9d6595d7 wp-block-columns-is-layout-flex\">\n<div class=\"wp-block-column is-layout-flow wp-block-column-is-layout-flow\" style=\"flex-basis:66.66%\">\n<figure class=\"wp-block-gallery columns-1 is-cropped wp-block-gallery-2 is-layout-flex wp-block-gallery-is-layout-flex\"><ul class=\"blocks-gallery-grid\"><li class=\"blocks-gallery-item\"><figure><a href=\"http:\/\/web217.310.hostserv.eu\/wp-content\/uploads\/2020\/05\/bridge.png\"><img loading=\"lazy\" decoding=\"async\" width=\"1024\" height=\"915\" src=\"http:\/\/web217.310.hostserv.eu\/wp-content\/uploads\/2020\/05\/bridge-1024x915.png\" alt=\"\" data-id=\"240\" data-full-url=\"http:\/\/web217.310.hostserv.eu\/wp-content\/uploads\/2020\/05\/bridge.png\" data-link=\"http:\/\/web217.310.hostserv.eu\/index.php\/fahrzeugaufbauten-3-5t\/bridge\/\" class=\"wp-image-240\" srcset=\"https:\/\/mks-swiss.ch\/wp-content\/uploads\/2020\/05\/bridge-1024x915.png 1024w, https:\/\/mks-swiss.ch\/wp-content\/uploads\/2020\/05\/bridge-300x268.png 300w, https:\/\/mks-swiss.ch\/wp-content\/uploads\/2020\/05\/bridge-768x686.png 768w, https:\/\/mks-swiss.ch\/wp-content\/uploads\/2020\/05\/bridge-1x1.png 1w, https:\/\/mks-swiss.ch\/wp-content\/uploads\/2020\/05\/bridge.png 1043w\" sizes=\"(max-width: 1024px) 100vw, 1024px\" \/><\/a><\/figure><\/li><li class=\"blocks-gallery-item\"><figure><a href=\"http:\/\/web217.310.hostserv.eu\/wp-content\/uploads\/2020\/05\/components.png\"><img loading=\"lazy\" decoding=\"async\" width=\"1024\" height=\"342\" src=\"http:\/\/web217.310.hostserv.eu\/wp-content\/uploads\/2020\/05\/components-1024x342.png\" alt=\"\" data-id=\"241\" data-full-url=\"http:\/\/web217.310.hostserv.eu\/wp-content\/uploads\/2020\/05\/components.png\" data-link=\"http:\/\/web217.310.hostserv.eu\/index.php\/fahrzeugaufbauten-3-5t\/components\/\" class=\"wp-image-241\" srcset=\"https:\/\/mks-swiss.ch\/wp-content\/uploads\/2020\/05\/components-1024x342.png 1024w, https:\/\/mks-swiss.ch\/wp-content\/uploads\/2020\/05\/components-300x100.png 300w, https:\/\/mks-swiss.ch\/wp-content\/uploads\/2020\/05\/components-768x256.png 768w, https:\/\/mks-swiss.ch\/wp-content\/uploads\/2020\/05\/components-1x1.png 1w, https:\/\/mks-swiss.ch\/wp-content\/uploads\/2020\/05\/components.png 1150w\" sizes=\"(max-width: 1024px) 100vw, 1024px\" \/><\/a><\/figure><\/li><\/ul><\/figure>\n<\/div>\n\n\n\n<div class=\"wp-block-column is-layout-flow wp-block-column-is-layout-flow\" style=\"flex-basis:33.33%\">\n<p>Bestehnde Blechbr\u00fccke wird demontiert, anschliessend<br>stellt die Firma MKS eine Br\u00fccke nach Kundenwunsch her.<br>Kombiniert mit Hecktraverse, Stangentr\u00e4ger, Leuchten<br>und Zurrpunkte ergibt dies eine saubere L\u00f6sung mit einer<br>optmierten Nutzlast.<br>Nach Wunsch auch mit Blachenverdeck.<\/p>\n<\/div>\n<\/div>\n\n\n\n<p><strong>Montage Zusatzkomponenten<\/strong><\/p>\n\n\n\n<div class=\"wp-block-columns is-layout-flex wp-container-core-columns-is-layout-9d6595d7 wp-block-columns-is-layout-flex\">\n<div class=\"wp-block-column is-layout-flow wp-block-column-is-layout-flow\" style=\"flex-basis:66.66%\">\n<figure class=\"wp-block-gallery columns-1 is-cropped wp-block-gallery-3 is-layout-flex wp-block-gallery-is-layout-flex\"><ul class=\"blocks-gallery-grid\"><li class=\"blocks-gallery-item\"><figure><img loading=\"lazy\" decoding=\"async\" width=\"1024\" height=\"588\" src=\"http:\/\/web217.310.hostserv.eu\/wp-content\/uploads\/2020\/05\/bridge_pkw-1024x588.png\" alt=\"\" data-id=\"242\" data-full-url=\"http:\/\/web217.310.hostserv.eu\/wp-content\/uploads\/2020\/05\/bridge_pkw.png\" data-link=\"http:\/\/web217.310.hostserv.eu\/index.php\/fahrzeugaufbauten-3-5t\/bridge_pkw\/\" class=\"wp-image-242\" srcset=\"https:\/\/mks-swiss.ch\/wp-content\/uploads\/2020\/05\/bridge_pkw-1024x588.png 1024w, https:\/\/mks-swiss.ch\/wp-content\/uploads\/2020\/05\/bridge_pkw-300x172.png 300w, https:\/\/mks-swiss.ch\/wp-content\/uploads\/2020\/05\/bridge_pkw-768x441.png 768w, https:\/\/mks-swiss.ch\/wp-content\/uploads\/2020\/05\/bridge_pkw-1x1.png 1w, https:\/\/mks-swiss.ch\/wp-content\/uploads\/2020\/05\/bridge_pkw.png 1043w\" sizes=\"(max-width: 1024px) 100vw, 1024px\" \/><\/figure><\/li><li class=\"blocks-gallery-item\"><figure><img loading=\"lazy\" decoding=\"async\" width=\"1024\" height=\"611\" src=\"http:\/\/web217.310.hostserv.eu\/wp-content\/uploads\/2020\/05\/pwk_bridge_attached-1024x611.png\" alt=\"\" data-id=\"243\" data-full-url=\"http:\/\/web217.310.hostserv.eu\/wp-content\/uploads\/2020\/05\/pwk_bridge_attached.png\" data-link=\"http:\/\/web217.310.hostserv.eu\/index.php\/fahrzeugaufbauten-3-5t\/pwk_bridge_attached\/\" class=\"wp-image-243\" srcset=\"https:\/\/mks-swiss.ch\/wp-content\/uploads\/2020\/05\/pwk_bridge_attached-1024x611.png 1024w, https:\/\/mks-swiss.ch\/wp-content\/uploads\/2020\/05\/pwk_bridge_attached-300x179.png 300w, https:\/\/mks-swiss.ch\/wp-content\/uploads\/2020\/05\/pwk_bridge_attached-768x458.png 768w, https:\/\/mks-swiss.ch\/wp-content\/uploads\/2020\/05\/pwk_bridge_attached-1x1.png 1w, https:\/\/mks-swiss.ch\/wp-content\/uploads\/2020\/05\/pwk_bridge_attached.png 1167w\" sizes=\"(max-width: 1024px) 100vw, 1024px\" \/><\/figure><\/li><\/ul><\/figure>\n<\/div>\n\n\n\n<div class=\"wp-block-column is-layout-flow wp-block-column-is-layout-flow\" style=\"flex-basis:33.33%\">\n<p>Da jeder Kunde eigene Einsatzbedingungen<br>hat f\u00fcr sein Fahrzeug, montiert und<br>installiert die Firma MKS nat\u00fcrlich auch<br>elektrische Komponenten wie Leuchten,<br>Scheinwerfer, Drehlichter, Schneepflug-<br>Steuerungen u.s.w.<\/p>\n<\/div>\n<\/div>\n","protected":false},"excerpt":{"rendered":"<p>MKS Snowplow geringes Gewicht 250-300Kg mit Unterbau sehr hohe Stabilit\u00e4t Konstruktion aus hochfestem Feinkornstahl optimales Hubwerk Hub bis 700mm perfekter Rostschutz komplett verzinkt &amp; lackierte Konstruktion einfache Bedienung Joystik im Fahrzeug demontierbar, Aussenbedienug zum an- abkoppeln hochwertige Hydraulikanlage Elektrohydraulisches Kompaktagregat, gesch\u00fctzt in Chromstahlkiste schneller Service Alle Komponenten sind innert maximal 24h verf\u00fcgbar Die Firma MKS [&hellip;]<\/p>\n","protected":false},"author":3,"featured_media":0,"parent":17,"menu_order":2,"comment_status":"closed","ping_status":"closed","template":"","meta":{"ocean_post_layout":"","ocean_both_sidebars_style":"","ocean_both_sidebars_content_width":0,"ocean_both_sidebars_sidebars_width":0,"ocean_sidebar":"","ocean_second_sidebar":"","ocean_disable_margins":"enable","ocean_add_body_class":"","ocean_shortcode_before_top_bar":"","ocean_shortcode_after_top_bar":"","ocean_shortcode_before_header":"","ocean_shortcode_after_header":"","ocean_has_shortcode":"","ocean_shortcode_after_title":"","ocean_shortcode_before_footer_widgets":"","ocean_shortcode_after_footer_widgets":"","ocean_shortcode_before_footer_bottom":"","ocean_shortcode_after_footer_bottom":"","ocean_display_top_bar":"default","ocean_display_header":"default","ocean_header_style":"","ocean_center_header_left_menu":"","ocean_custom_header_template":"","ocean_custom_logo":0,"ocean_custom_retina_logo":0,"ocean_custom_logo_max_width":0,"ocean_custom_logo_tablet_max_width":0,"ocean_custom_logo_mobile_max_width":0,"ocean_custom_logo_max_height":0,"ocean_custom_logo_tablet_max_height":0,"ocean_custom_logo_mobile_max_height":0,"ocean_header_custom_menu":"","ocean_menu_typo_font_family":"","ocean_menu_typo_font_subset":"","ocean_menu_typo_font_size":0,"ocean_menu_typo_font_size_tablet":0,"ocean_menu_typo_font_size_mobile":0,"ocean_menu_typo_font_size_unit":"px","ocean_menu_typo_font_weight":"","ocean_menu_typo_font_weight_tablet":"","ocean_menu_typo_font_weight_mobile":"","ocean_menu_typo_transform":"","ocean_menu_typo_transform_tablet":"","ocean_menu_typo_transform_mobile":"","ocean_menu_typo_line_height":0,"ocean_menu_typo_line_height_tablet":0,"ocean_menu_typo_line_height_mobile":0,"ocean_menu_typo_line_height_unit":"","ocean_menu_typo_spacing":0,"ocean_menu_typo_spacing_tablet":0,"ocean_menu_typo_spacing_mobile":0,"ocean_menu_typo_spacing_unit":"","ocean_menu_link_color":"","ocean_menu_link_color_hover":"","ocean_menu_link_color_active":"","ocean_menu_link_background":"","ocean_menu_link_hover_background":"","ocean_menu_link_active_background":"","ocean_menu_social_links_bg":"","ocean_menu_social_hover_links_bg":"","ocean_menu_social_links_color":"","ocean_menu_social_hover_links_color":"","ocean_disable_title":"default","ocean_disable_heading":"default","ocean_post_title":"","ocean_post_subheading":"","ocean_post_title_style":"","ocean_post_title_background_color":"","ocean_post_title_background":0,"ocean_post_title_bg_image_position":"","ocean_post_title_bg_image_attachment":"","ocean_post_title_bg_image_repeat":"","ocean_post_title_bg_image_size":"","ocean_post_title_height":0,"ocean_post_title_bg_overlay":0.5,"ocean_post_title_bg_overlay_color":"","ocean_disable_breadcrumbs":"default","ocean_breadcrumbs_color":"","ocean_breadcrumbs_separator_color":"","ocean_breadcrumbs_links_color":"","ocean_breadcrumbs_links_hover_color":"","ocean_display_footer_widgets":"default","ocean_display_footer_bottom":"default","ocean_custom_footer_template":"","footnotes":""},"class_list":["post-155","page","type-page","status-publish","hentry","entry"],"_links":{"self":[{"href":"https:\/\/mks-swiss.ch\/index.php\/wp-json\/wp\/v2\/pages\/155","targetHints":{"allow":["GET"]}}],"collection":[{"href":"https:\/\/mks-swiss.ch\/index.php\/wp-json\/wp\/v2\/pages"}],"about":[{"href":"https:\/\/mks-swiss.ch\/index.php\/wp-json\/wp\/v2\/types\/page"}],"author":[{"embeddable":true,"href":"https:\/\/mks-swiss.ch\/index.php\/wp-json\/wp\/v2\/users\/3"}],"replies":[{"embeddable":true,"href":"https:\/\/mks-swiss.ch\/index.php\/wp-json\/wp\/v2\/comments?post=155"}],"version-history":[{"count":5,"href":"https:\/\/mks-swiss.ch\/index.php\/wp-json\/wp\/v2\/pages\/155\/revisions"}],"predecessor-version":[{"id":246,"href":"https:\/\/mks-swiss.ch\/index.php\/wp-json\/wp\/v2\/pages\/155\/revisions\/246"}],"up":[{"embeddable":true,"href":"https:\/\/mks-swiss.ch\/index.php\/wp-json\/wp\/v2\/pages\/17"}],"wp:attachment":[{"href":"https:\/\/mks-swiss.ch\/index.php\/wp-json\/wp\/v2\/media?parent=155"}],"curies":[{"name":"wp","href":"https:\/\/api.w.org\/{rel}","templated":true}]}}